{"id":7771,"date":"2020-05-19T16:27:46","date_gmt":"2020-05-19T19:27:46","guid":{"rendered":"http:\/\/asolucaors.com.br\/home\/?page_id=7771"},"modified":"2020-06-22T10:51:16","modified_gmt":"2020-06-22T13:51:16","slug":"nossos-servicos","status":"publish","type":"page","link":"https:\/\/asolucaors.com.br\/home\/nossos-servicos\/","title":{"rendered":"Nossos Servi\u00e7os"},"content":{"rendered":"<p>[vc_row bg_cover=&#8221;cover&#8221; bg_position=&#8221;&#8221; bg_attachment=&#8221;fixed&#8221; top=&#8221;250px&#8221; bottom=&#8221;100px&#8221; bg_image=&#8221;7788&#8243; font_color=&#8221;#ffffff&#8221;][vc_column css_animation=&#8221;left-to-right&#8221;][vc_colored_box width=&#8221;550px&#8221; bg_color=&#8221;#42bded&#8221; padding=&#8221;35px 45px 50px&#8221; css_animation=&#8221;left-to-right&#8221; css_animation_delay=&#8221;delay-200&#8243; margin_left=&#8221;40px&#8221;]<span style=\"font-size: 40px; font-weight: 300;\">A Solu\u00e7\u00e3o.<\/span><\/p>\n<p><span style=\"font-weight: 300; font-size: 22px;\">Conhe\u00e7a nossos Servi\u00e7os.<\/span>[\/vc_colored_box][\/vc_column][\/vc_row][vc_row][vc_column][vc_heading title=&#8221;NOSSOS&#8221; subtitle=&#8221;SERVI\u00c7OS&#8221; color=&#8221;#008eb9&#8243; css_animation=&#8221;bottom-to-top&#8221; css_animation_delay=&#8221;delay-200&#8243;][vc_separator icon=&#8221;fa-angle-double-down&#8221;][vc_empty_space height=&#8221;25px&#8221;][vc_column_text css_animation=&#8221;appear&#8221;]Nossa empresa atua desde 2006 prestando servi\u00e7os de qualidade aos nossos clientes abrangendo \u00e1reas da constru\u00e7\u00e3o civil, servi\u00e7os el\u00e9tricos, servi\u00e7os hidr\u00e1ulicos, serralheria, pintura, funilaria, sistemas de renova\u00e7\u00e3o de ar em ambientes, manuten\u00e7\u00e3o e instala\u00e7\u00e3o de ar condicionado, PPCI e hidrantes, entre outros. Possui um quadro funcional com t\u00e9cnicos que garantem aos clientes a seguran\u00e7a de contratarem realmente o necess\u00e1rio para suas necessidades.<\/p>\n<p>A SOLU\u00c7\u00c3O alia t\u00e9cnica profissional com a qualidade dos insumos para trazer excel\u00eancia nos servi\u00e7os prestados, todos os or\u00e7amentos s\u00e3o acompanhados por um coordenador ou t\u00e9cnico da \u00e1rea.<br \/>\nPossui uma equipe experiente e qualificada que possibilita a atua\u00e7\u00e3o no desenvolvimento de projetos, constru\u00e7\u00f5es, manuten\u00e7\u00e3o, reformas e demais servi\u00e7os.[\/vc_column_text][\/vc_column][\/vc_row][vc_row top=&#8221;10px&#8221; bottom=&#8221;10px&#8221;][vc_column][vc_separator icon=&#8221;fa-angle-double-down&#8221;][\/vc_column][\/vc_row][vc_row bottom=&#8221;10px&#8221;][vc_column width=&#8221;1\/3&#8243;][vc_single_image image=&#8221;7851&#8243; alignment=&#8221;center&#8221; style=&#8221;vc_box_shadow_3d&#8221; css_animation=&#8221;appear&#8221;][vc_separator icon=&#8221;fa-angle-double-down&#8221;][vc_heading title=&#8221;Ar Condicionado&#8221; subtitle=&#8221;Instala\u00e7\u00e3o e Manuten\u00e7\u00e3o&#8221; css_animation=&#8221;left-to-right&#8221;][\/vc_column][vc_column width=&#8221;1\/3&#8243;][vc_single_image image=&#8221;7852&#8243; alignment=&#8221;center&#8221; style=&#8221;vc_box_shadow_3d&#8221; css_animation=&#8221;appear&#8221;][vc_separator icon=&#8221;fa-angle-double-down&#8221;][vc_heading title=&#8221;Constru\u00e7\u00e3o Civil&#8221; subtitle=&#8221;Constru\u00e7\u00e3o e reformas do alicerce ao telhado&#8221; css_animation=&#8221;left-to-right&#8221;][\/vc_column][vc_column width=&#8221;1\/3&#8243;][vc_single_image image=&#8221;7853&#8243; alignment=&#8221;center&#8221; style=&#8221;vc_box_shadow_3d&#8221; css_animation=&#8221;appear&#8221;][vc_separator icon=&#8221;fa-angle-double-down&#8221;][vc_heading title=&#8221;Servi\u00e7os Hidr\u00e1ulicos&#8221; subtitle=&#8221;Instala\u00e7\u00e3o e manuten\u00e7\u00e3o&#8221; css_animation=&#8221;left-to-right&#8221;][\/vc_column][\/vc_row][vc_row bottom=&#8221;10px&#8221;][vc_column width=&#8221;1\/3&#8243;][vc_single_image image=&#8221;7854&#8243; alignment=&#8221;center&#8221; style=&#8221;vc_box_shadow_3d&#8221; css_animation=&#8221;appear&#8221;][vc_separator icon=&#8221;fa-angle-double-down&#8221;][vc_heading title=&#8221;Servi\u00e7os El\u00e9tricos&#8221; subtitle=&#8221;Conserto, constru\u00e7\u00e3o de novas redes&#8221; css_animation=&#8221;left-to-right&#8221;][\/vc_column][vc_column width=&#8221;1\/3&#8243;][vc_single_image image=&#8221;7855&#8243; alignment=&#8221;center&#8221; style=&#8221;vc_box_shadow_3d&#8221; css_animation=&#8221;appear&#8221;][vc_separator icon=&#8221;fa-angle-double-down&#8221;][vc_heading title=&#8221;Servi\u00e7os de Serralheria&#8221; subtitle=&#8221;Confec\u00e7\u00e3o, instala\u00e7\u00e3o e consertos&#8221; css_animation=&#8221;left-to-right&#8221;][\/vc_column][vc_column width=&#8221;1\/3&#8243;][vc_single_image image=&#8221;7856&#8243; alignment=&#8221;center&#8221; style=&#8221;vc_box_shadow_3d&#8221; css_animation=&#8221;appear&#8221;][vc_separator icon=&#8221;fa-angle-double-down&#8221;][vc_heading title=&#8221;Servi\u00e7os de Pintura&#8221; subtitle=&#8221;Revitaliza\u00e7\u00e3o e Pintura&#8221; css_animation=&#8221;left-to-right&#8221;][\/vc_column][\/vc_row][vc_row bottom=&#8221;10px&#8221;][vc_column width=&#8221;1\/3&#8243;][vc_single_image image=&#8221;7921&#8243; alignment=&#8221;center&#8221; style=&#8221;vc_box_shadow_3d&#8221; css_animation=&#8221;appear&#8221;][vc_separator icon=&#8221;fa-angle-double-down&#8221;][vc_heading title=&#8221;Servi\u00e7os de Funilaria&#8221; subtitle=&#8221;Calhas e Coifas. Confec\u00e7\u00e3o, instala\u00e7\u00e3o e consertos&#8221; css_animation=&#8221;left-to-right&#8221;][\/vc_column][vc_column width=&#8221;1\/3&#8243;][vc_single_image image=&#8221;7858&#8243; alignment=&#8221;center&#8221; style=&#8221;vc_box_shadow_3d&#8221; css_animation=&#8221;appear&#8221;][vc_separator icon=&#8221;fa-angle-double-down&#8221;][vc_heading title=&#8221;Ambientes Internos&#8221; subtitle=&#8221;Sistema de renova\u00e7\u00e3o de Ar em ambientes&#8221; css_animation=&#8221;left-to-right&#8221;][\/vc_column][vc_column width=&#8221;1\/3&#8243;][vc_single_image image=&#8221;7922&#8243; alignment=&#8221;center&#8221; style=&#8221;vc_box_shadow_3d&#8221; css_animation=&#8221;appear&#8221;][vc_separator icon=&#8221;fa-angle-double-down&#8221;][vc_heading title=&#8221;Limpeza e Conserva\u00e7\u00e3o&#8221; subtitle=&#8221;Pr\u00e9dios e jardins&#8221; css_animation=&#8221;left-to-right&#8221;][\/vc_column][\/vc_row][vc_row][vc_column width=&#8221;1\/3&#8243;][\/vc_column][vc_column width=&#8221;1\/3&#8243;][vc_single_image image=&#8221;7949&#8243; alignment=&#8221;center&#8221; style=&#8221;vc_box_shadow_3d&#8221; css_animation=&#8221;appear&#8221;][vc_separator icon=&#8221;fa-angle-double-down&#8221;][vc_heading title=&#8221;Servi\u00e7os em Eventos&#8221; subtitle=&#8221;Cenografia e montagem de Stands&#8221; css_animation=&#8221;left-to-right&#8221;][\/vc_column][vc_column width=&#8221;1\/3&#8243;][\/vc_column][\/vc_row][vc_row bg_cover=&#8221;cover&#8221; bg_position=&#8221;&#8221; bg_attachment=&#8221;fixed&#8221; top=&#8221;10px&#8221; bottom=&#8221;10px&#8221; bg_image=&#8221;7781&#8243;][vc_column width=&#8221;1\/4&#8243;][vc_single_image image=&#8221;7834&#8243; css_animation=&#8221;left-to-right&#8221;][\/vc_column][vc_column width=&#8221;3\/4&#8243;][vc_heading title=&#8221;Entre em Contato e Solicite o seu Or\u00e7amento&#8221; subtitle=&#8221;(51) 99719.0884&#8243; color=&#8221;#ffffff&#8221; position=&#8221;right&#8221; css_animation=&#8221;left-to-right&#8221;][vc_btn title=&#8221;Entrar em Contato&#8221; style=&#8221;3d&#8221; color=&#8221;blue&#8221; size=&#8221;lg&#8221; align=&#8221;right&#8221; css_animation=&#8221;left-to-right&#8221; link=&#8221;url:http%3A%2F%2Fapi.whatsapp.com%2Fsend%3F1%3DptBR%26phone%3D5551997190884|title:Fale%20pelo%20Whatsapp|target:%20_blank|&#8221;][\/vc_column][\/vc_row]<\/p>\n","protected":false},"excerpt":{"rendered":"<p>[vc_row bg_cover=&#8221;cover&#8221; bg_position=&#8221;&#8221; bg_attachment=&#8221;fixed&#8221; top=&#8221;250px&#8221; bottom=&#8221;100px&#8221; bg_image=&#8221;7788&#8243; font_color=&#8221;#ffffff&#8221;][vc_column css_animation=&#8221;left-to-right&#8221;][vc_colored_box width=&#8221;550px&#8221; bg_color=&#8221;#42bded&#8221; padding=&#8221;35px 45px 50px&#8221; css_animation=&#8221;left-to-right&#8221; css_animation_delay=&#8221;delay-200&#8243; margin_left=&#8221;40px&#8221;]A Solu\u00e7\u00e3o. Conhe\u00e7a nossos Servi\u00e7os.[\/vc_colored_box][\/vc_column][\/vc_row][vc_row][vc_column][vc_heading title=&#8221;NOSSOS&#8221; subtitle=&#8221;SERVI\u00c7OS&#8221; color=&#8221;#008eb9&#8243; css_animation=&#8221;bottom-to-top&#8221; css_animation_delay=&#8221;delay-200&#8243;][vc_separator icon=&#8221;fa-angle-double-down&#8221;][vc_empty_space height=&#8221;25px&#8221;][vc_column_text css_animation=&#8221;appear&#8221;]Nossa empresa atua desde 2006 prestando servi\u00e7os de qualidade aos nossos clientes abrangendo \u00e1reas da constru\u00e7\u00e3o civil, servi\u00e7os el\u00e9tricos, servi\u00e7os hidr\u00e1ulicos, serralheria, pintura, funilaria, sistemas de renova\u00e7\u00e3o [&hellip;]<\/p>\n","protected":false},"author":1,"featured_media":0,"parent":0,"menu_order":0,"comment_status":"closed","ping_status":"closed","template":"page-full-width.php","meta":[],"yoast_head":"<!-- This site is optimized with the Yoast SEO plugin v17.5 - https:\/\/yoast.com\/wordpress\/plugins\/seo\/ -->\n<title>Nossos Servi\u00e7os - A Solu\u00e7\u00e3o | Manuten\u00e7\u00e3o e Constru\u00e7\u00e3o<\/title>\n<meta name=\"robots\" content=\"index, follow, max-snippet:-1, max-image-preview:large, max-video-preview:-1\" \/>\n<link rel=\"canonical\" href=\"https:\/\/asolucaors.com.br\/home\/nossos-servicos\/\" \/>\n<meta property=\"og:locale\" content=\"pt_BR\" \/>\n<meta property=\"og:type\" content=\"article\" \/>\n<meta property=\"og:title\" content=\"Nossos Servi\u00e7os - A Solu\u00e7\u00e3o | Manuten\u00e7\u00e3o e Constru\u00e7\u00e3o\" \/>\n<meta property=\"og:description\" content=\"[vc_row bg_cover=&#8221;cover&#8221; bg_position=&#8221;&#8221; bg_attachment=&#8221;fixed&#8221; top=&#8221;250px&#8221; bottom=&#8221;100px&#8221; bg_image=&#8221;7788&#8243; font_color=&#8221;#ffffff&#8221;][vc_column css_animation=&#8221;left-to-right&#8221;][vc_colored_box width=&#8221;550px&#8221; bg_color=&#8221;#42bded&#8221; padding=&#8221;35px 45px 50px&#8221; css_animation=&#8221;left-to-right&#8221; css_animation_delay=&#8221;delay-200&#8243; margin_left=&#8221;40px&#8221;]A Solu\u00e7\u00e3o. Conhe\u00e7a nossos Servi\u00e7os.[\/vc_colored_box][\/vc_column][\/vc_row][vc_row][vc_column][vc_heading title=&#8221;NOSSOS&#8221; subtitle=&#8221;SERVI\u00c7OS&#8221; color=&#8221;#008eb9&#8243; css_animation=&#8221;bottom-to-top&#8221; css_animation_delay=&#8221;delay-200&#8243;][vc_separator icon=&#8221;fa-angle-double-down&#8221;][vc_empty_space height=&#8221;25px&#8221;][vc_column_text css_animation=&#8221;appear&#8221;]Nossa empresa atua desde 2006 prestando servi\u00e7os de qualidade aos nossos clientes abrangendo \u00e1reas da constru\u00e7\u00e3o civil, servi\u00e7os el\u00e9tricos, servi\u00e7os hidr\u00e1ulicos, serralheria, pintura, funilaria, sistemas de renova\u00e7\u00e3o [&hellip;]\" \/>\n<meta property=\"og:url\" content=\"https:\/\/asolucaors.com.br\/home\/nossos-servicos\/\" \/>\n<meta property=\"og:site_name\" content=\"A Solu\u00e7\u00e3o | Manuten\u00e7\u00e3o e Constru\u00e7\u00e3o\" \/>\n<meta property=\"article:modified_time\" content=\"2020-06-22T13:51:16+00:00\" \/>\n<meta name=\"twitter:card\" content=\"summary_large_image\" \/>\n<meta name=\"twitter:label1\" content=\"Est. tempo de leitura\" \/>\n\t<meta name=\"twitter:data1\" content=\"4 minutos\" \/>\n<script type=\"application\/ld+json\" class=\"yoast-schema-graph\">{\"@context\":\"https:\/\/schema.org\",\"@graph\":[{\"@type\":\"WebSite\",\"@id\":\"https:\/\/asolucaors.com.br\/home\/#website\",\"url\":\"https:\/\/asolucaors.com.br\/home\/\",\"name\":\"A Solu\\u00e7\\u00e3o | Manuten\\u00e7\\u00e3o e Constru\\u00e7\\u00e3o\",\"description\":\"Manuten\\u00e7\\u00e3o e Constru\\u00e7\\u00e3o\",\"potentialAction\":[{\"@type\":\"SearchAction\",\"target\":{\"@type\":\"EntryPoint\",\"urlTemplate\":\"https:\/\/asolucaors.com.br\/home\/?s={search_term_string}\"},\"query-input\":\"required name=search_term_string\"}],\"inLanguage\":\"pt-BR\"},{\"@type\":\"WebPage\",\"@id\":\"https:\/\/asolucaors.com.br\/home\/nossos-servicos\/#webpage\",\"url\":\"https:\/\/asolucaors.com.br\/home\/nossos-servicos\/\",\"name\":\"Nossos Servi\\u00e7os - A Solu\\u00e7\\u00e3o | Manuten\\u00e7\\u00e3o e Constru\\u00e7\\u00e3o\",\"isPartOf\":{\"@id\":\"https:\/\/asolucaors.com.br\/home\/#website\"},\"datePublished\":\"2020-05-19T19:27:46+00:00\",\"dateModified\":\"2020-06-22T13:51:16+00:00\",\"breadcrumb\":{\"@id\":\"https:\/\/asolucaors.com.br\/home\/nossos-servicos\/#breadcrumb\"},\"inLanguage\":\"pt-BR\",\"potentialAction\":[{\"@type\":\"ReadAction\",\"target\":[\"https:\/\/asolucaors.com.br\/home\/nossos-servicos\/\"]}]},{\"@type\":\"BreadcrumbList\",\"@id\":\"https:\/\/asolucaors.com.br\/home\/nossos-servicos\/#breadcrumb\",\"itemListElement\":[{\"@type\":\"ListItem\",\"position\":1,\"name\":\"In\\u00edcio\",\"item\":\"https:\/\/asolucaors.com.br\/home\/\"},{\"@type\":\"ListItem\",\"position\":2,\"name\":\"Nossos Servi\\u00e7os\"}]}]}<\/script>\n<!-- \/ Yoast SEO plugin. -->","yoast_head_json":{"title":"Nossos Servi\u00e7os - A Solu\u00e7\u00e3o | Manuten\u00e7\u00e3o e Constru\u00e7\u00e3o","robots":{"index":"index","follow":"follow","max-snippet":"max-snippet:-1","max-image-preview":"max-image-preview:large","max-video-preview":"max-video-preview:-1"},"canonical":"https:\/\/asolucaors.com.br\/home\/nossos-servicos\/","og_locale":"pt_BR","og_type":"article","og_title":"Nossos Servi\u00e7os - A Solu\u00e7\u00e3o | Manuten\u00e7\u00e3o e Constru\u00e7\u00e3o","og_description":"[vc_row bg_cover=&#8221;cover&#8221; bg_position=&#8221;&#8221; bg_attachment=&#8221;fixed&#8221; top=&#8221;250px&#8221; bottom=&#8221;100px&#8221; bg_image=&#8221;7788&#8243; font_color=&#8221;#ffffff&#8221;][vc_column css_animation=&#8221;left-to-right&#8221;][vc_colored_box width=&#8221;550px&#8221; bg_color=&#8221;#42bded&#8221; padding=&#8221;35px 45px 50px&#8221; css_animation=&#8221;left-to-right&#8221; css_animation_delay=&#8221;delay-200&#8243; margin_left=&#8221;40px&#8221;]A Solu\u00e7\u00e3o. Conhe\u00e7a nossos Servi\u00e7os.[\/vc_colored_box][\/vc_column][\/vc_row][vc_row][vc_column][vc_heading title=&#8221;NOSSOS&#8221; subtitle=&#8221;SERVI\u00c7OS&#8221; color=&#8221;#008eb9&#8243; css_animation=&#8221;bottom-to-top&#8221; css_animation_delay=&#8221;delay-200&#8243;][vc_separator icon=&#8221;fa-angle-double-down&#8221;][vc_empty_space height=&#8221;25px&#8221;][vc_column_text css_animation=&#8221;appear&#8221;]Nossa empresa atua desde 2006 prestando servi\u00e7os de qualidade aos nossos clientes abrangendo \u00e1reas da constru\u00e7\u00e3o civil, servi\u00e7os el\u00e9tricos, servi\u00e7os hidr\u00e1ulicos, serralheria, pintura, funilaria, sistemas de renova\u00e7\u00e3o [&hellip;]","og_url":"https:\/\/asolucaors.com.br\/home\/nossos-servicos\/","og_site_name":"A Solu\u00e7\u00e3o | Manuten\u00e7\u00e3o e Constru\u00e7\u00e3o","article_modified_time":"2020-06-22T13:51:16+00:00","twitter_card":"summary_large_image","twitter_misc":{"Est. tempo de leitura":"4 minutos"},"schema":{"@context":"https:\/\/schema.org","@graph":[{"@type":"WebSite","@id":"https:\/\/asolucaors.com.br\/home\/#website","url":"https:\/\/asolucaors.com.br\/home\/","name":"A Solu\u00e7\u00e3o | Manuten\u00e7\u00e3o e Constru\u00e7\u00e3o","description":"Manuten\u00e7\u00e3o e Constru\u00e7\u00e3o","potentialAction":[{"@type":"SearchAction","target":{"@type":"EntryPoint","urlTemplate":"https:\/\/asolucaors.com.br\/home\/?s={search_term_string}"},"query-input":"required name=search_term_string"}],"inLanguage":"pt-BR"},{"@type":"WebPage","@id":"https:\/\/asolucaors.com.br\/home\/nossos-servicos\/#webpage","url":"https:\/\/asolucaors.com.br\/home\/nossos-servicos\/","name":"Nossos Servi\u00e7os - A Solu\u00e7\u00e3o | Manuten\u00e7\u00e3o e Constru\u00e7\u00e3o","isPartOf":{"@id":"https:\/\/asolucaors.com.br\/home\/#website"},"datePublished":"2020-05-19T19:27:46+00:00","dateModified":"2020-06-22T13:51:16+00:00","breadcrumb":{"@id":"https:\/\/asolucaors.com.br\/home\/nossos-servicos\/#breadcrumb"},"inLanguage":"pt-BR","potentialAction":[{"@type":"ReadAction","target":["https:\/\/asolucaors.com.br\/home\/nossos-servicos\/"]}]},{"@type":"BreadcrumbList","@id":"https:\/\/asolucaors.com.br\/home\/nossos-servicos\/#breadcrumb","itemListElement":[{"@type":"ListItem","position":1,"name":"In\u00edcio","item":"https:\/\/asolucaors.com.br\/home\/"},{"@type":"ListItem","position":2,"name":"Nossos Servi\u00e7os"}]}]}},"_links":{"self":[{"href":"https:\/\/asolucaors.com.br\/home\/wp-json\/wp\/v2\/pages\/7771"}],"collection":[{"href":"https:\/\/asolucaors.com.br\/home\/wp-json\/wp\/v2\/pages"}],"about":[{"href":"https:\/\/asolucaors.com.br\/home\/wp-json\/wp\/v2\/types\/page"}],"author":[{"embeddable":true,"href":"https:\/\/asolucaors.com.br\/home\/wp-json\/wp\/v2\/users\/1"}],"replies":[{"embeddable":true,"href":"https:\/\/asolucaors.com.br\/home\/wp-json\/wp\/v2\/comments?post=7771"}],"version-history":[{"count":35,"href":"https:\/\/asolucaors.com.br\/home\/wp-json\/wp\/v2\/pages\/7771\/revisions"}],"predecessor-version":[{"id":8047,"href":"https:\/\/asolucaors.com.br\/home\/wp-json\/wp\/v2\/pages\/7771\/revisions\/8047"}],"wp:attachment":[{"href":"https:\/\/asolucaors.com.br\/home\/wp-json\/wp\/v2\/media?parent=7771"}],"curies":[{"name":"wp","href":"https:\/\/api.w.org\/{rel}","templated":true}]}}