{"id":7746,"date":"2020-05-19T15:34:16","date_gmt":"2020-05-19T18:34:16","guid":{"rendered":"http:\/\/asolucaors.com.br\/home\/?page_id=7746"},"modified":"2020-05-19T17:38:04","modified_gmt":"2020-05-19T20:38:04","slug":"a-solucao","status":"publish","type":"page","link":"https:\/\/asolucaors.com.br\/home\/a-solucao\/","title":{"rendered":"A Solu\u00e7\u00e3o"},"content":{"rendered":"<p>[vc_row bg_cover=&#8221;cover&#8221; bg_position=&#8221;&#8221; bg_attachment=&#8221;fixed&#8221; top=&#8221;250px&#8221; bottom=&#8221;100px&#8221; bg_image=&#8221;7747&#8243; font_color=&#8221;#ffffff&#8221;][vc_column css_animation=&#8221;left-to-right&#8221;][vc_colored_box width=&#8221;550px&#8221; bg_color=&#8221;#42bded&#8221; padding=&#8221;35px 45px 50px&#8221; css_animation=&#8221;left-to-right&#8221; css_animation_delay=&#8221;delay-200&#8243; margin_left=&#8221;40px&#8221;]<span style=\"font-size: 40px; font-weight: 300;\">Quem Somos.<\/span><\/p>\n<p><span style=\"font-weight: 300; font-size: 22px;\">Conhe\u00e7a A Solu\u00e7\u00e3o, nossa miss\u00e3o, vis\u00e3o e valores.<\/span>[\/vc_colored_box][\/vc_column][\/vc_row][vc_row][vc_column][vc_heading title=&#8221;QUEM SOMOS&#8221; subtitle=&#8221;A SOLU\u00c7\u00c3O&#8221; color=&#8221;#008eb9&#8243; css_animation=&#8221;bottom-to-top&#8221; css_animation_delay=&#8221;delay-200&#8243;][vc_separator icon=&#8221;fa-angle-double-down&#8221;][vc_empty_space height=&#8221;25px&#8221;][vc_column_text css_animation=&#8221;appear&#8221;]Nossa empresa atua desde 2006 prestando servi\u00e7os de qualidade aos nossos clientes abrangendo \u00e1reas da constru\u00e7\u00e3o civil, servi\u00e7os el\u00e9tricos, servi\u00e7os hidr\u00e1ulicos, serralheria, pintura, funilaria, sistemas de renova\u00e7\u00e3o de ar em ambientes, manuten\u00e7\u00e3o e instala\u00e7\u00e3o de ar condicionado, PPCI e hidrantes, entre outros. Possui um quadro funcional com t\u00e9cnicos que garantem aos clientes a seguran\u00e7a de contratarem realmente o necess\u00e1rio para suas necessidades.<\/p>\n<p>A SOLU\u00c7\u00c3O alia t\u00e9cnica profissional com a qualidade dos insumos para trazer excel\u00eancia nos servi\u00e7os prestados, todos os or\u00e7amentos s\u00e3o acompanhados por um coordenador ou t\u00e9cnico da \u00e1rea.<br \/>\nPossui uma equipe experiente e qualificada que possibilita a atua\u00e7\u00e3o no desenvolvimento de projetos, constru\u00e7\u00f5es, manuten\u00e7\u00e3o, reformas e demais servi\u00e7os.[\/vc_column_text][\/vc_column][\/vc_row][vc_row top=&#8221;10px&#8221; bottom=&#8221;10px&#8221;][vc_column][vc_separator icon=&#8221;fa-angle-double-down&#8221;][\/vc_column][\/vc_row][vc_row top=&#8221;10px&#8221; bottom=&#8221;50px&#8221; row_show_on=&#8221;hide_tablet_portrait,hide_mobile_landscape,hide_mobile_portrait&#8221;][vc_column width=&#8221;1\/3&#8243; css=&#8221;.vc_custom_1398804381542{padding-right: 40px !important;}&#8221;][vc_column_text css_animation=&#8221;left-to-right&#8221;]<\/p>\n<h2><span style=\"color: #008eb9;\">NOSSA MISS\u00c3O<\/span><\/h2>\n<p class=\"p1\"><span class=\"s1\">Nossa miss\u00e3o \u00e9 garantir qualidade dos servi\u00e7os prestados, trabalhando com responsabilidade, \u00e9tica e comprometimento.<\/span><\/p>\n<p>[\/vc_column_text][\/vc_column][vc_column width=&#8221;1\/3&#8243; css=&#8221;.vc_custom_1589914863033{padding-right: 40px !important;}&#8221;][vc_column_text css_animation=&#8221;left-to-right&#8221;]<\/p>\n<h2><span style=\"color: #008eb9;\">NOSSA VIS\u00c3O<\/span><\/h2>\n<p class=\"p1\"><span class=\"s1\">Ser uma das principais empresas do mercado, comprometida com a melhoria cont\u00ednua dos nossos processos e servi\u00e7os.<\/span><\/p>\n<p>[\/vc_column_text][\/vc_column][vc_column width=&#8221;1\/3&#8243;][vc_column_text css_animation=&#8221;left-to-right&#8221;]<\/p>\n<h2><span style=\"color: #008eb9;\">NOSSOS VALORES<\/span><\/h2>\n<ul>\n<li class=\"p1\"><span class=\"s1\">Humanidade<b>\u00a0\u2013\u00a0<\/b>Respeito, Humildade, Cliente.<\/span><\/li>\n<li class=\"p1\"><span class=\"s1\">\u00c9tica \u2013 Transpar\u00eancia, Coer\u00eancia, Respeito.<\/span><\/li>\n<li class=\"p1\"><span class=\"s1\">Perseveran\u00e7a \u2013 Const\u00e2ncia nas atividades.<\/span><\/li>\n<li class=\"p1\"><span class=\"s1\">Sa\u00fade &#8211; Seguran\u00e7a no trabalho, limpeza do ambiente de trabalho, organiza\u00e7\u00e3o, boas rela\u00e7\u00f5es.<\/span><\/li>\n<li class=\"p1\">Clientes \u2013 Comprometimento, Prazos, Qualidade e Agilidade.<\/li>\n<\/ul>\n<p>[\/vc_column_text][\/vc_column][\/vc_row][vc_row][vc_column][vc_empty_space][\/vc_column][\/vc_row]<\/p>\n","protected":false},"excerpt":{"rendered":"<p>[vc_row bg_cover=&#8221;cover&#8221; bg_position=&#8221;&#8221; bg_attachment=&#8221;fixed&#8221; top=&#8221;250px&#8221; bottom=&#8221;100px&#8221; bg_image=&#8221;7747&#8243; font_color=&#8221;#ffffff&#8221;][vc_column css_animation=&#8221;left-to-right&#8221;][vc_colored_box width=&#8221;550px&#8221; bg_color=&#8221;#42bded&#8221; padding=&#8221;35px 45px 50px&#8221; css_animation=&#8221;left-to-right&#8221; css_animation_delay=&#8221;delay-200&#8243; margin_left=&#8221;40px&#8221;]Quem Somos. Conhe\u00e7a A Solu\u00e7\u00e3o, nossa miss\u00e3o, vis\u00e3o e valores.[\/vc_colored_box][\/vc_column][\/vc_row][vc_row][vc_column][vc_heading title=&#8221;QUEM SOMOS&#8221; subtitle=&#8221;A SOLU\u00c7\u00c3O&#8221; color=&#8221;#008eb9&#8243; css_animation=&#8221;bottom-to-top&#8221; css_animation_delay=&#8221;delay-200&#8243;][vc_separator icon=&#8221;fa-angle-double-down&#8221;][vc_empty_space height=&#8221;25px&#8221;][vc_column_text css_animation=&#8221;appear&#8221;]Nossa empresa atua desde 2006 prestando servi\u00e7os de qualidade aos nossos clientes abrangendo \u00e1reas da constru\u00e7\u00e3o civil, servi\u00e7os el\u00e9tricos, servi\u00e7os [&hellip;]<\/p>\n","protected":false},"author":1,"featured_media":0,"parent":0,"menu_order":0,"comment_status":"closed","ping_status":"closed","template":"page-full-width.php","meta":[],"yoast_head":"<!-- This site is optimized with the Yoast SEO plugin v17.5 - https:\/\/yoast.com\/wordpress\/plugins\/seo\/ -->\n<title>A Solu\u00e7\u00e3o - A Solu\u00e7\u00e3o | Manuten\u00e7\u00e3o e Constru\u00e7\u00e3o<\/title>\n<meta name=\"robots\" content=\"index, follow, max-snippet:-1, max-image-preview:large, max-video-preview:-1\" \/>\n<link rel=\"canonical\" href=\"https:\/\/asolucaors.com.br\/home\/a-solucao\/\" \/>\n<meta property=\"og:locale\" content=\"pt_BR\" \/>\n<meta property=\"og:type\" content=\"article\" \/>\n<meta property=\"og:title\" content=\"A Solu\u00e7\u00e3o - A Solu\u00e7\u00e3o | Manuten\u00e7\u00e3o e Constru\u00e7\u00e3o\" \/>\n<meta property=\"og:description\" content=\"[vc_row bg_cover=&#8221;cover&#8221; bg_position=&#8221;&#8221; bg_attachment=&#8221;fixed&#8221; top=&#8221;250px&#8221; bottom=&#8221;100px&#8221; bg_image=&#8221;7747&#8243; font_color=&#8221;#ffffff&#8221;][vc_column css_animation=&#8221;left-to-right&#8221;][vc_colored_box width=&#8221;550px&#8221; bg_color=&#8221;#42bded&#8221; padding=&#8221;35px 45px 50px&#8221; css_animation=&#8221;left-to-right&#8221; css_animation_delay=&#8221;delay-200&#8243; margin_left=&#8221;40px&#8221;]Quem Somos. Conhe\u00e7a A Solu\u00e7\u00e3o, nossa miss\u00e3o, vis\u00e3o e valores.[\/vc_colored_box][\/vc_column][\/vc_row][vc_row][vc_column][vc_heading title=&#8221;QUEM SOMOS&#8221; subtitle=&#8221;A SOLU\u00c7\u00c3O&#8221; color=&#8221;#008eb9&#8243; css_animation=&#8221;bottom-to-top&#8221; css_animation_delay=&#8221;delay-200&#8243;][vc_separator icon=&#8221;fa-angle-double-down&#8221;][vc_empty_space height=&#8221;25px&#8221;][vc_column_text css_animation=&#8221;appear&#8221;]Nossa empresa atua desde 2006 prestando servi\u00e7os de qualidade aos nossos clientes abrangendo \u00e1reas da constru\u00e7\u00e3o civil, servi\u00e7os el\u00e9tricos, servi\u00e7os [&hellip;]\" \/>\n<meta property=\"og:url\" content=\"https:\/\/asolucaors.com.br\/home\/a-solucao\/\" \/>\n<meta property=\"og:site_name\" content=\"A Solu\u00e7\u00e3o | Manuten\u00e7\u00e3o e Constru\u00e7\u00e3o\" \/>\n<meta property=\"article:modified_time\" content=\"2020-05-19T20:38:04+00:00\" \/>\n<meta name=\"twitter:card\" content=\"summary_large_image\" \/>\n<meta name=\"twitter:label1\" content=\"Est. tempo de leitura\" \/>\n\t<meta name=\"twitter:data1\" content=\"2 minutos\" \/>\n<script type=\"application\/ld+json\" class=\"yoast-schema-graph\">{\"@context\":\"https:\/\/schema.org\",\"@graph\":[{\"@type\":\"WebSite\",\"@id\":\"https:\/\/asolucaors.com.br\/home\/#website\",\"url\":\"https:\/\/asolucaors.com.br\/home\/\",\"name\":\"A Solu\\u00e7\\u00e3o | Manuten\\u00e7\\u00e3o e Constru\\u00e7\\u00e3o\",\"description\":\"Manuten\\u00e7\\u00e3o e Constru\\u00e7\\u00e3o\",\"potentialAction\":[{\"@type\":\"SearchAction\",\"target\":{\"@type\":\"EntryPoint\",\"urlTemplate\":\"https:\/\/asolucaors.com.br\/home\/?s={search_term_string}\"},\"query-input\":\"required name=search_term_string\"}],\"inLanguage\":\"pt-BR\"},{\"@type\":\"WebPage\",\"@id\":\"https:\/\/asolucaors.com.br\/home\/a-solucao\/#webpage\",\"url\":\"https:\/\/asolucaors.com.br\/home\/a-solucao\/\",\"name\":\"A Solu\\u00e7\\u00e3o - A Solu\\u00e7\\u00e3o | Manuten\\u00e7\\u00e3o e Constru\\u00e7\\u00e3o\",\"isPartOf\":{\"@id\":\"https:\/\/asolucaors.com.br\/home\/#website\"},\"datePublished\":\"2020-05-19T18:34:16+00:00\",\"dateModified\":\"2020-05-19T20:38:04+00:00\",\"breadcrumb\":{\"@id\":\"https:\/\/asolucaors.com.br\/home\/a-solucao\/#breadcrumb\"},\"inLanguage\":\"pt-BR\",\"potentialAction\":[{\"@type\":\"ReadAction\",\"target\":[\"https:\/\/asolucaors.com.br\/home\/a-solucao\/\"]}]},{\"@type\":\"BreadcrumbList\",\"@id\":\"https:\/\/asolucaors.com.br\/home\/a-solucao\/#breadcrumb\",\"itemListElement\":[{\"@type\":\"ListItem\",\"position\":1,\"name\":\"In\\u00edcio\",\"item\":\"https:\/\/asolucaors.com.br\/home\/\"},{\"@type\":\"ListItem\",\"position\":2,\"name\":\"A Solu\\u00e7\\u00e3o\"}]}]}<\/script>\n<!-- \/ Yoast SEO plugin. -->","yoast_head_json":{"title":"A Solu\u00e7\u00e3o - A Solu\u00e7\u00e3o | Manuten\u00e7\u00e3o e Constru\u00e7\u00e3o","robots":{"index":"index","follow":"follow","max-snippet":"max-snippet:-1","max-image-preview":"max-image-preview:large","max-video-preview":"max-video-preview:-1"},"canonical":"https:\/\/asolucaors.com.br\/home\/a-solucao\/","og_locale":"pt_BR","og_type":"article","og_title":"A Solu\u00e7\u00e3o - A Solu\u00e7\u00e3o | Manuten\u00e7\u00e3o e Constru\u00e7\u00e3o","og_description":"[vc_row bg_cover=&#8221;cover&#8221; bg_position=&#8221;&#8221; bg_attachment=&#8221;fixed&#8221; top=&#8221;250px&#8221; bottom=&#8221;100px&#8221; bg_image=&#8221;7747&#8243; font_color=&#8221;#ffffff&#8221;][vc_column css_animation=&#8221;left-to-right&#8221;][vc_colored_box width=&#8221;550px&#8221; bg_color=&#8221;#42bded&#8221; padding=&#8221;35px 45px 50px&#8221; css_animation=&#8221;left-to-right&#8221; css_animation_delay=&#8221;delay-200&#8243; margin_left=&#8221;40px&#8221;]Quem Somos. Conhe\u00e7a A Solu\u00e7\u00e3o, nossa miss\u00e3o, vis\u00e3o e valores.[\/vc_colored_box][\/vc_column][\/vc_row][vc_row][vc_column][vc_heading title=&#8221;QUEM SOMOS&#8221; subtitle=&#8221;A SOLU\u00c7\u00c3O&#8221; color=&#8221;#008eb9&#8243; css_animation=&#8221;bottom-to-top&#8221; css_animation_delay=&#8221;delay-200&#8243;][vc_separator icon=&#8221;fa-angle-double-down&#8221;][vc_empty_space height=&#8221;25px&#8221;][vc_column_text css_animation=&#8221;appear&#8221;]Nossa empresa atua desde 2006 prestando servi\u00e7os de qualidade aos nossos clientes abrangendo \u00e1reas da constru\u00e7\u00e3o civil, servi\u00e7os el\u00e9tricos, servi\u00e7os [&hellip;]","og_url":"https:\/\/asolucaors.com.br\/home\/a-solucao\/","og_site_name":"A Solu\u00e7\u00e3o | Manuten\u00e7\u00e3o e Constru\u00e7\u00e3o","article_modified_time":"2020-05-19T20:38:04+00:00","twitter_card":"summary_large_image","twitter_misc":{"Est. tempo de leitura":"2 minutos"},"schema":{"@context":"https:\/\/schema.org","@graph":[{"@type":"WebSite","@id":"https:\/\/asolucaors.com.br\/home\/#website","url":"https:\/\/asolucaors.com.br\/home\/","name":"A Solu\u00e7\u00e3o | Manuten\u00e7\u00e3o e Constru\u00e7\u00e3o","description":"Manuten\u00e7\u00e3o e Constru\u00e7\u00e3o","potentialAction":[{"@type":"SearchAction","target":{"@type":"EntryPoint","urlTemplate":"https:\/\/asolucaors.com.br\/home\/?s={search_term_string}"},"query-input":"required name=search_term_string"}],"inLanguage":"pt-BR"},{"@type":"WebPage","@id":"https:\/\/asolucaors.com.br\/home\/a-solucao\/#webpage","url":"https:\/\/asolucaors.com.br\/home\/a-solucao\/","name":"A Solu\u00e7\u00e3o - A Solu\u00e7\u00e3o | Manuten\u00e7\u00e3o e Constru\u00e7\u00e3o","isPartOf":{"@id":"https:\/\/asolucaors.com.br\/home\/#website"},"datePublished":"2020-05-19T18:34:16+00:00","dateModified":"2020-05-19T20:38:04+00:00","breadcrumb":{"@id":"https:\/\/asolucaors.com.br\/home\/a-solucao\/#breadcrumb"},"inLanguage":"pt-BR","potentialAction":[{"@type":"ReadAction","target":["https:\/\/asolucaors.com.br\/home\/a-solucao\/"]}]},{"@type":"BreadcrumbList","@id":"https:\/\/asolucaors.com.br\/home\/a-solucao\/#breadcrumb","itemListElement":[{"@type":"ListItem","position":1,"name":"In\u00edcio","item":"https:\/\/asolucaors.com.br\/home\/"},{"@type":"ListItem","position":2,"name":"A Solu\u00e7\u00e3o"}]}]}},"_links":{"self":[{"href":"https:\/\/asolucaors.com.br\/home\/wp-json\/wp\/v2\/pages\/7746"}],"collection":[{"href":"https:\/\/asolucaors.com.br\/home\/wp-json\/wp\/v2\/pages"}],"about":[{"href":"https:\/\/asolucaors.com.br\/home\/wp-json\/wp\/v2\/types\/page"}],"author":[{"embeddable":true,"href":"https:\/\/asolucaors.com.br\/home\/wp-json\/wp\/v2\/users\/1"}],"replies":[{"embeddable":true,"href":"https:\/\/asolucaors.com.br\/home\/wp-json\/wp\/v2\/comments?post=7746"}],"version-history":[{"count":24,"href":"https:\/\/asolucaors.com.br\/home\/wp-json\/wp\/v2\/pages\/7746\/revisions"}],"predecessor-version":[{"id":7841,"href":"https:\/\/asolucaors.com.br\/home\/wp-json\/wp\/v2\/pages\/7746\/revisions\/7841"}],"wp:attachment":[{"href":"https:\/\/asolucaors.com.br\/home\/wp-json\/wp\/v2\/media?parent=7746"}],"curies":[{"name":"wp","href":"https:\/\/api.w.org\/{rel}","templated":true}]}}