{"id":7738,"date":"2020-05-19T15:13:20","date_gmt":"2020-05-19T18:13:20","guid":{"rendered":"http:\/\/asolucaors.com.br\/home\/?page_id=7738"},"modified":"2020-05-21T16:05:25","modified_gmt":"2020-05-21T19:05:25","slug":"contato","status":"publish","type":"page","link":"https:\/\/asolucaors.com.br\/home\/contato\/","title":{"rendered":"Contato"},"content":{"rendered":"<p>[vc_row bg_cover=&#8221;cover&#8221; bg_repeat=&#8221;no-repeat&#8221; bg_position=&#8221;Center center&#8221; bg_attachment=&#8221;fixed&#8221; top=&#8221;200px&#8221; bottom=&#8221;130px&#8221; row_mobile_style=&#8221;ipad_full_width&#8221; bg_image=&#8221;7741&#8243; font_color=&#8221;#ffffff&#8221;][vc_column][vc_colored_box width=&#8221;550px&#8221; bg_color=&#8221;#42bded&#8221; padding=&#8221;35px 45px 50px&#8221; css_animation=&#8221;left-to-right&#8221; css_animation_delay=&#8221;delay-400&#8243; margin_left=&#8221;40px&#8221;]<span style=\"font-size: 40px; font-weight: 300;\">Entre em Contato.<\/span><\/p>\n<p><span style=\"font-weight: 300; font-size: 22px;\">Entre em contato com\u00a0<strong>A Solu\u00e7\u00e3o<\/strong>, teremos o maior prazer em responder as suas d\u00favidas, ouvir suas sugest\u00f5es ou cr\u00edticas. Preencha os campos, pois s\u00e3o muito importantes para que possamos responder ao seu email.<\/span>[\/vc_colored_box][\/vc_column][\/vc_row][vc_row row_mobile_style=&#8221;ipad_full_width&#8221;][vc_column width=&#8221;1\/2&#8243;]<div role=\"form\" class=\"wpcf7\" id=\"wpcf7-f7-o1\" lang=\"pt-BR\" dir=\"ltr\">\n<div class=\"screen-reader-response\"><p role=\"status\" aria-live=\"polite\" aria-atomic=\"true\"><\/p> <ul><\/ul><\/div>\n<form action=\"\/home\/wp-json\/wp\/v2\/pages\/7738#wpcf7-f7-o1\" method=\"post\" class=\"wpcf7-form init\" novalidate=\"novalidate\" data-status=\"init\">\n<div style=\"display: none;\">\n<input type=\"hidden\" name=\"_wpcf7\" value=\"7\" \/>\n<input type=\"hidden\" name=\"_wpcf7_version\" value=\"5.5.2\" \/>\n<input type=\"hidden\" name=\"_wpcf7_locale\" value=\"pt_BR\" \/>\n<input type=\"hidden\" name=\"_wpcf7_unit_tag\" value=\"wpcf7-f7-o1\" \/>\n<input type=\"hidden\" name=\"_wpcf7_container_post\" value=\"0\" \/>\n<input type=\"hidden\" name=\"_wpcf7_posted_data_hash\" value=\"\" \/>\n<\/div>\n<p><label> Seu nome (obrigat\u00f3rio)<br \/>\n    <span class=\"wpcf7-form-control-wrap your-name\"><input type=\"text\" name=\"your-name\" value=\"\" size=\"40\" class=\"wpcf7-form-control wpcf7-text wpcf7-validates-as-required\" aria-required=\"true\" aria-invalid=\"false\" \/><\/span> <\/label><\/p>\n<p><label> Seu e-mail (obrigat\u00f3rio)<br \/>\n    <span class=\"wpcf7-form-control-wrap your-email\"><input type=\"email\" name=\"your-email\" value=\"\" size=\"40\" class=\"wpcf7-form-control wpcf7-text wpcf7-email wpcf7-validates-as-required wpcf7-validates-as-email\" aria-required=\"true\" aria-invalid=\"false\" \/><\/span> <\/label><\/p>\n<p><label> Assunto<br \/>\n    <span class=\"wpcf7-form-control-wrap your-subject\"><input type=\"text\" name=\"your-subject\" value=\"\" size=\"40\" class=\"wpcf7-form-control wpcf7-text\" aria-invalid=\"false\" \/><\/span> <\/label><\/p>\n<p><label> Sua mensagem<br \/>\n    <span class=\"wpcf7-form-control-wrap your-message\"><textarea name=\"your-message\" cols=\"40\" rows=\"10\" class=\"wpcf7-form-control wpcf7-textarea\" aria-invalid=\"false\"><\/textarea><\/span> <\/label><\/p>\n<p><input type=\"submit\" value=\"Enviar\" class=\"wpcf7-form-control has-spinner wpcf7-submit\" \/><\/p>\n<div class=\"wpcf7-response-output\" aria-hidden=\"true\"><\/div><\/form><\/div>[\/vc_column][vc_column width=&#8221;1\/2&#8243;][vc_spacer size=&#8221;20px&#8221;][vc_row_inner][vc_column_inner width=&#8221;1\/2&#8243;][vc_column_text]<span style=\"font-size: 12pt;\"><strong>Segunda: <\/strong>7:30 \u00e0s 18:00<\/span><br \/>\n<span style=\"font-size: 12pt;\"> <strong>Quarta: <\/strong>7:30\u00a0\u00e0s 18:00<\/span><br \/>\n<span style=\"font-size: 12pt;\"> <strong>Sexta: <\/strong>7:30 \u00e0s 18:00<\/span><br \/>\n<span style=\"font-size: 12pt;\"> <strong>Domingo: <\/strong>Fechado<\/span>[\/vc_column_text][\/vc_column_inner][vc_column_inner width=&#8221;1\/2&#8243;][vc_column_text]<span style=\"font-size: 12pt;\"><strong>Ter\u00e7a: <\/strong>7:30 \u00e0s 18:00<\/span><br \/>\n<span style=\"font-size: 12pt;\"> <strong>Quinta: <\/strong>7:30 \u00e0s 18:00<\/span><br \/>\n<span style=\"font-size: 12pt;\"> <strong>S\u00e1bado: <\/strong>Fechado<\/span>[\/vc_column_text][\/vc_column_inner][\/vc_row_inner][vc_spacer size=&#8221;35px&#8221;][vc_separator icon=&#8221;fa-comments&#8221;][vc_heading title=&#8221;Precisando de alguma ajuda?&#8221; subtitle=&#8221;Entre em contato pelo Whats (51) 99719.0884&#8243; css_animation=&#8221;appear&#8221;][vc_separator icon=&#8221;fa-angle-double-up&#8221;][\/vc_column][\/vc_row]<\/p>\n","protected":false},"excerpt":{"rendered":"<p>[vc_row bg_cover=&#8221;cover&#8221; bg_repeat=&#8221;no-repeat&#8221; bg_position=&#8221;Center center&#8221; bg_attachment=&#8221;fixed&#8221; top=&#8221;200px&#8221; bottom=&#8221;130px&#8221; row_mobile_style=&#8221;ipad_full_width&#8221; bg_image=&#8221;7741&#8243; font_color=&#8221;#ffffff&#8221;][vc_column][vc_colored_box width=&#8221;550px&#8221; bg_color=&#8221;#42bded&#8221; padding=&#8221;35px 45px 50px&#8221; css_animation=&#8221;left-to-right&#8221; css_animation_delay=&#8221;delay-400&#8243; margin_left=&#8221;40px&#8221;]Entre em Contato. Entre em contato com\u00a0A Solu\u00e7\u00e3o, teremos o maior prazer em responder as suas d\u00favidas, ouvir suas sugest\u00f5es ou cr\u00edticas. Preencha os campos, pois s\u00e3o muito importantes para que possamos responder ao seu email.[\/vc_colored_box][\/vc_column][\/vc_row][vc_row row_mobile_style=&#8221;ipad_full_width&#8221;][vc_column [&hellip;]<\/p>\n","protected":false},"author":1,"featured_media":0,"parent":0,"menu_order":0,"comment_status":"closed","ping_status":"closed","template":"page-full-width.php","meta":[],"yoast_head":"<!-- This site is optimized with the Yoast SEO plugin v17.5 - https:\/\/yoast.com\/wordpress\/plugins\/seo\/ -->\n<title>Contato - A Solu\u00e7\u00e3o | Manuten\u00e7\u00e3o e Constru\u00e7\u00e3o<\/title>\n<meta name=\"robots\" content=\"index, follow, max-snippet:-1, max-image-preview:large, max-video-preview:-1\" \/>\n<link rel=\"canonical\" href=\"https:\/\/asolucaors.com.br\/home\/contato\/\" \/>\n<meta property=\"og:locale\" content=\"pt_BR\" \/>\n<meta property=\"og:type\" content=\"article\" \/>\n<meta property=\"og:title\" content=\"Contato - A Solu\u00e7\u00e3o | Manuten\u00e7\u00e3o e Constru\u00e7\u00e3o\" \/>\n<meta property=\"og:description\" content=\"[vc_row bg_cover=&#8221;cover&#8221; bg_repeat=&#8221;no-repeat&#8221; bg_position=&#8221;Center center&#8221; bg_attachment=&#8221;fixed&#8221; top=&#8221;200px&#8221; bottom=&#8221;130px&#8221; row_mobile_style=&#8221;ipad_full_width&#8221; bg_image=&#8221;7741&#8243; font_color=&#8221;#ffffff&#8221;][vc_column][vc_colored_box width=&#8221;550px&#8221; bg_color=&#8221;#42bded&#8221; padding=&#8221;35px 45px 50px&#8221; css_animation=&#8221;left-to-right&#8221; css_animation_delay=&#8221;delay-400&#8243; margin_left=&#8221;40px&#8221;]Entre em Contato. Entre em contato com\u00a0A Solu\u00e7\u00e3o, teremos o maior prazer em responder as suas d\u00favidas, ouvir suas sugest\u00f5es ou cr\u00edticas. Preencha os campos, pois s\u00e3o muito importantes para que possamos responder ao seu email.[\/vc_colored_box][\/vc_column][\/vc_row][vc_row row_mobile_style=&#8221;ipad_full_width&#8221;][vc_column [&hellip;]\" \/>\n<meta property=\"og:url\" content=\"https:\/\/asolucaors.com.br\/home\/contato\/\" \/>\n<meta property=\"og:site_name\" content=\"A Solu\u00e7\u00e3o | Manuten\u00e7\u00e3o e Constru\u00e7\u00e3o\" \/>\n<meta property=\"article:modified_time\" content=\"2020-05-21T19:05:25+00:00\" \/>\n<meta name=\"twitter:card\" content=\"summary_large_image\" \/>\n<meta name=\"twitter:label1\" content=\"Est. tempo de leitura\" \/>\n\t<meta name=\"twitter:data1\" content=\"1 minuto\" \/>\n<script type=\"application\/ld+json\" class=\"yoast-schema-graph\">{\"@context\":\"https:\/\/schema.org\",\"@graph\":[{\"@type\":\"WebSite\",\"@id\":\"https:\/\/asolucaors.com.br\/home\/#website\",\"url\":\"https:\/\/asolucaors.com.br\/home\/\",\"name\":\"A Solu\\u00e7\\u00e3o | Manuten\\u00e7\\u00e3o e Constru\\u00e7\\u00e3o\",\"description\":\"Manuten\\u00e7\\u00e3o e Constru\\u00e7\\u00e3o\",\"potentialAction\":[{\"@type\":\"SearchAction\",\"target\":{\"@type\":\"EntryPoint\",\"urlTemplate\":\"https:\/\/asolucaors.com.br\/home\/?s={search_term_string}\"},\"query-input\":\"required name=search_term_string\"}],\"inLanguage\":\"pt-BR\"},{\"@type\":\"WebPage\",\"@id\":\"https:\/\/asolucaors.com.br\/home\/contato\/#webpage\",\"url\":\"https:\/\/asolucaors.com.br\/home\/contato\/\",\"name\":\"Contato - A Solu\\u00e7\\u00e3o | Manuten\\u00e7\\u00e3o e Constru\\u00e7\\u00e3o\",\"isPartOf\":{\"@id\":\"https:\/\/asolucaors.com.br\/home\/#website\"},\"datePublished\":\"2020-05-19T18:13:20+00:00\",\"dateModified\":\"2020-05-21T19:05:25+00:00\",\"breadcrumb\":{\"@id\":\"https:\/\/asolucaors.com.br\/home\/contato\/#breadcrumb\"},\"inLanguage\":\"pt-BR\",\"potentialAction\":[{\"@type\":\"ReadAction\",\"target\":[\"https:\/\/asolucaors.com.br\/home\/contato\/\"]}]},{\"@type\":\"BreadcrumbList\",\"@id\":\"https:\/\/asolucaors.com.br\/home\/contato\/#breadcrumb\",\"itemListElement\":[{\"@type\":\"ListItem\",\"position\":1,\"name\":\"In\\u00edcio\",\"item\":\"https:\/\/asolucaors.com.br\/home\/\"},{\"@type\":\"ListItem\",\"position\":2,\"name\":\"Contato\"}]}]}<\/script>\n<!-- \/ Yoast SEO plugin. -->","yoast_head_json":{"title":"Contato - A Solu\u00e7\u00e3o | Manuten\u00e7\u00e3o e Constru\u00e7\u00e3o","robots":{"index":"index","follow":"follow","max-snippet":"max-snippet:-1","max-image-preview":"max-image-preview:large","max-video-preview":"max-video-preview:-1"},"canonical":"https:\/\/asolucaors.com.br\/home\/contato\/","og_locale":"pt_BR","og_type":"article","og_title":"Contato - A Solu\u00e7\u00e3o | Manuten\u00e7\u00e3o e Constru\u00e7\u00e3o","og_description":"[vc_row bg_cover=&#8221;cover&#8221; bg_repeat=&#8221;no-repeat&#8221; bg_position=&#8221;Center center&#8221; bg_attachment=&#8221;fixed&#8221; top=&#8221;200px&#8221; bottom=&#8221;130px&#8221; row_mobile_style=&#8221;ipad_full_width&#8221; bg_image=&#8221;7741&#8243; font_color=&#8221;#ffffff&#8221;][vc_column][vc_colored_box width=&#8221;550px&#8221; bg_color=&#8221;#42bded&#8221; padding=&#8221;35px 45px 50px&#8221; css_animation=&#8221;left-to-right&#8221; css_animation_delay=&#8221;delay-400&#8243; margin_left=&#8221;40px&#8221;]Entre em Contato. Entre em contato com\u00a0A Solu\u00e7\u00e3o, teremos o maior prazer em responder as suas d\u00favidas, ouvir suas sugest\u00f5es ou cr\u00edticas. Preencha os campos, pois s\u00e3o muito importantes para que possamos responder ao seu email.[\/vc_colored_box][\/vc_column][\/vc_row][vc_row row_mobile_style=&#8221;ipad_full_width&#8221;][vc_column [&hellip;]","og_url":"https:\/\/asolucaors.com.br\/home\/contato\/","og_site_name":"A Solu\u00e7\u00e3o | Manuten\u00e7\u00e3o e Constru\u00e7\u00e3o","article_modified_time":"2020-05-21T19:05:25+00:00","twitter_card":"summary_large_image","twitter_misc":{"Est. tempo de leitura":"1 minuto"},"schema":{"@context":"https:\/\/schema.org","@graph":[{"@type":"WebSite","@id":"https:\/\/asolucaors.com.br\/home\/#website","url":"https:\/\/asolucaors.com.br\/home\/","name":"A Solu\u00e7\u00e3o | Manuten\u00e7\u00e3o e Constru\u00e7\u00e3o","description":"Manuten\u00e7\u00e3o e Constru\u00e7\u00e3o","potentialAction":[{"@type":"SearchAction","target":{"@type":"EntryPoint","urlTemplate":"https:\/\/asolucaors.com.br\/home\/?s={search_term_string}"},"query-input":"required name=search_term_string"}],"inLanguage":"pt-BR"},{"@type":"WebPage","@id":"https:\/\/asolucaors.com.br\/home\/contato\/#webpage","url":"https:\/\/asolucaors.com.br\/home\/contato\/","name":"Contato - A Solu\u00e7\u00e3o | Manuten\u00e7\u00e3o e Constru\u00e7\u00e3o","isPartOf":{"@id":"https:\/\/asolucaors.com.br\/home\/#website"},"datePublished":"2020-05-19T18:13:20+00:00","dateModified":"2020-05-21T19:05:25+00:00","breadcrumb":{"@id":"https:\/\/asolucaors.com.br\/home\/contato\/#breadcrumb"},"inLanguage":"pt-BR","potentialAction":[{"@type":"ReadAction","target":["https:\/\/asolucaors.com.br\/home\/contato\/"]}]},{"@type":"BreadcrumbList","@id":"https:\/\/asolucaors.com.br\/home\/contato\/#breadcrumb","itemListElement":[{"@type":"ListItem","position":1,"name":"In\u00edcio","item":"https:\/\/asolucaors.com.br\/home\/"},{"@type":"ListItem","position":2,"name":"Contato"}]}]}},"_links":{"self":[{"href":"https:\/\/asolucaors.com.br\/home\/wp-json\/wp\/v2\/pages\/7738"}],"collection":[{"href":"https:\/\/asolucaors.com.br\/home\/wp-json\/wp\/v2\/pages"}],"about":[{"href":"https:\/\/asolucaors.com.br\/home\/wp-json\/wp\/v2\/types\/page"}],"author":[{"embeddable":true,"href":"https:\/\/asolucaors.com.br\/home\/wp-json\/wp\/v2\/users\/1"}],"replies":[{"embeddable":true,"href":"https:\/\/asolucaors.com.br\/home\/wp-json\/wp\/v2\/comments?post=7738"}],"version-history":[{"count":10,"href":"https:\/\/asolucaors.com.br\/home\/wp-json\/wp\/v2\/pages\/7738\/revisions"}],"predecessor-version":[{"id":7848,"href":"https:\/\/asolucaors.com.br\/home\/wp-json\/wp\/v2\/pages\/7738\/revisions\/7848"}],"wp:attachment":[{"href":"https:\/\/asolucaors.com.br\/home\/wp-json\/wp\/v2\/media?parent=7738"}],"curies":[{"name":"wp","href":"https:\/\/api.w.org\/{rel}","templated":true}]}}